{"id":29,"date":"2024-08-08T03:10:45","date_gmt":"2024-08-08T03:10:45","guid":{"rendered":"https:\/\/mdgingenieria.com\/?page_id=29"},"modified":"2024-08-08T20:11:24","modified_gmt":"2024-08-08T20:11:24","slug":"nosotros","status":"publish","type":"page","link":"https:\/\/mdgingenieria.com\/?page_id=29","title":{"rendered":"Nosotros"},"content":{"rendered":"\t\t<div data-elementor-type=\"wp-page\" data-elementor-id=\"29\" class=\"elementor elementor-29\">\n\t\t\t\t<div class=\"elementor-element elementor-element-50bf0a8 e-grid e-con-full e-con e-parent\" data-id=\"50bf0a8\" data-element_type=\"container\" data-settings=\"{&quot;background_background&quot;:&quot;classic&quot;}\">\n\t\t\t\t<div class=\"elementor-element elementor-element-7bd8a36 elementor-widget elementor-widget-heading\" data-id=\"7bd8a36\" data-element_type=\"widget\" data-widget_type=\"heading.default\">\n\t\t\t\t<div class=\"elementor-widget-container\">\n\t\t\t\t\t<h2 class=\"elementor-heading-title elementor-size-default\">Valores Corporativos<\/h2>\t\t\t\t<\/div>\n\t\t\t\t<\/div>\n\t\t\t\t<div class=\"elementor-element elementor-element-0dbaf2d elementor-widget elementor-widget-text-editor\" data-id=\"0dbaf2d\" data-element_type=\"widget\" data-widget_type=\"text-editor.default\">\n\t\t\t\t<div class=\"elementor-widget-container\">\n\t\t\t\t\t\t\t\t\t<p>Informaci\u00f3n importante de nuestra empresa.<\/p>\t\t\t\t\t\t\t\t<\/div>\n\t\t\t\t<\/div>\n\t\t\t\t<\/div>\n\t\t<div class=\"elementor-element elementor-element-c6e1f5a e-grid e-con-full e-con e-parent\" data-id=\"c6e1f5a\" data-element_type=\"container\" data-settings=\"{&quot;background_background&quot;:&quot;classic&quot;}\">\n\t\t\t\t<div class=\"elementor-element elementor-element-0f0d9c3 elementor-widget elementor-widget-heading\" data-id=\"0f0d9c3\" data-element_type=\"widget\" data-widget_type=\"heading.default\">\n\t\t\t\t<div class=\"elementor-widget-container\">\n\t\t\t\t\t<h2 class=\"elementor-heading-title elementor-size-default\">Misi\u00f3n<\/h2>\t\t\t\t<\/div>\n\t\t\t\t<\/div>\n\t\t\t\t<div class=\"elementor-element elementor-element-715a313 elementor-widget elementor-widget-text-editor\" data-id=\"715a313\" data-element_type=\"widget\" data-widget_type=\"text-editor.default\">\n\t\t\t\t<div class=\"elementor-widget-container\">\n\t\t\t\t\t\t\t\t\t<p>Prestar servicios industriales de alta calidad mediante materiales, equipos y procesos optimizados, gracias a un talento humano calificado y comprometido con nuestros clientes.<\/p>\t\t\t\t\t\t\t\t<\/div>\n\t\t\t\t<\/div>\n\t\t\t\t<\/div>\n\t\t<div class=\"elementor-element elementor-element-2360516 e-grid e-con-full e-con e-parent\" data-id=\"2360516\" data-element_type=\"container\" data-settings=\"{&quot;background_background&quot;:&quot;classic&quot;}\">\n\t\t\t\t<div class=\"elementor-element elementor-element-ed00454 elementor-widget elementor-widget-heading\" data-id=\"ed00454\" data-element_type=\"widget\" data-widget_type=\"heading.default\">\n\t\t\t\t<div class=\"elementor-widget-container\">\n\t\t\t\t\t<h2 class=\"elementor-heading-title elementor-size-default\">Visi\u00f3n<\/h2>\t\t\t\t<\/div>\n\t\t\t\t<\/div>\n\t\t\t\t<div class=\"elementor-element elementor-element-3dbccd4 elementor-widget elementor-widget-text-editor\" data-id=\"3dbccd4\" data-element_type=\"widget\" data-widget_type=\"text-editor.default\">\n\t\t\t\t<div class=\"elementor-widget-container\">\n\t\t\t\t\t\t\t\t\t<p>Ser una empresa consolidada para el a\u00f1o 2025 en el sector azucarero de la regi\u00f3n y reconocida a nivel nacional por su \u00f3ptima calidad en sus procesos de gesti\u00f3n y manufactura.<\/p>\t\t\t\t\t\t\t\t<\/div>\n\t\t\t\t<\/div>\n\t\t\t\t<\/div>\n\t\t<div class=\"elementor-element elementor-element-43d6e90 e-grid e-con-full e-con e-parent\" data-id=\"43d6e90\" data-element_type=\"container\" data-settings=\"{&quot;background_background&quot;:&quot;classic&quot;}\">\n\t\t\t\t<div class=\"elementor-element elementor-element-72d642d elementor-widget elementor-widget-heading\" data-id=\"72d642d\" data-element_type=\"widget\" data-widget_type=\"heading.default\">\n\t\t\t\t<div class=\"elementor-widget-container\">\n\t\t\t\t\t<h2 class=\"elementor-heading-title elementor-size-default\">Objetivos organizacionales<\/h2>\t\t\t\t<\/div>\n\t\t\t\t<\/div>\n\t\t\t\t<div class=\"elementor-element elementor-element-67bb46c elementor-widget elementor-widget-text-editor\" data-id=\"67bb46c\" data-element_type=\"widget\" data-widget_type=\"text-editor.default\">\n\t\t\t\t<div class=\"elementor-widget-container\">\n\t\t\t\t\t\t\t\t\t<p>Consolidar a corto plazo una modernizaci\u00f3n tecnol\u00f3gica de vanguardia.<br \/>Afianzar el mejoramiento continuo en todas nuestras l\u00edneas productivas.<br \/>Lograr una satisfacci\u00f3n integral de nuestros clientes a nivel empresarial y humano.<\/p>\t\t\t\t\t\t\t\t<\/div>\n\t\t\t\t<\/div>\n\t\t\t\t<\/div>\n\t\t\t\t<\/div>\n\t\t","protected":false},"excerpt":{"rendered":"<p>Valores Corporativos Informaci\u00f3n importante de nuestra empresa. Misi\u00f3n Prestar servicios industriales de alta calidad mediante materiales, equipos y procesos optimizados, gracias a un talento humano calificado y comprometido con nuestros clientes. Visi\u00f3n Ser una empresa consolidada para el a\u00f1o 2025 en el sector azucarero de la regi\u00f3n y reconocida a nivel nacional por su \u00f3ptima [&hellip;]<\/p>\n","protected":false},"author":1,"featured_media":0,"parent":0,"menu_order":0,"comment_status":"closed","ping_status":"closed","template":"elementor_header_footer","meta":{"footnotes":""},"class_list":["post-29","page","type-page","status-publish","hentry"],"_links":{"self":[{"href":"https:\/\/mdgingenieria.com\/index.php?rest_route=\/wp\/v2\/pages\/29","targetHints":{"allow":["GET"]}}],"collection":[{"href":"https:\/\/mdgingenieria.com\/index.php?rest_route=\/wp\/v2\/pages"}],"about":[{"href":"https:\/\/mdgingenieria.com\/index.php?rest_route=\/wp\/v2\/types\/page"}],"author":[{"embeddable":true,"href":"https:\/\/mdgingenieria.com\/index.php?rest_route=\/wp\/v2\/users\/1"}],"replies":[{"embeddable":true,"href":"https:\/\/mdgingenieria.com\/index.php?rest_route=%2Fwp%2Fv2%2Fcomments&post=29"}],"version-history":[{"count":28,"href":"https:\/\/mdgingenieria.com\/index.php?rest_route=\/wp\/v2\/pages\/29\/revisions"}],"predecessor-version":[{"id":101,"href":"https:\/\/mdgingenieria.com\/index.php?rest_route=\/wp\/v2\/pages\/29\/revisions\/101"}],"wp:attachment":[{"href":"https:\/\/mdgingenieria.com\/index.php?rest_route=%2Fwp%2Fv2%2Fmedia&parent=29"}],"curies":[{"name":"wp","href":"https:\/\/api.w.org\/{rel}","templated":true}]}}